{"id":53,"date":"2016-02-07T10:05:39","date_gmt":"2016-02-07T10:05:39","guid":{"rendered":"https:\/\/the7.io\/marketing-agency\/?page_id=53"},"modified":"2025-05-04T21:51:47","modified_gmt":"2025-05-05T00:51:47","slug":"contato-escola-construir-caicara","status":"publish","type":"page","link":"https:\/\/www.monstrum.dev.br\/clientes_\/construir\/contato-escola-construir-caicara\/","title":{"rendered":"Contato"},"content":{"rendered":"<div class=\"wpb-content-wrapper\"><p>[vc_row full_width=&#8221;stretch_row&#8221; equal_height=&#8221;yes&#8221; bg_type=&#8221;bg_color&#8221; type=&#8221;vc_default&#8221; margin_top=&#8221;75&#8243; margin_bottom=&#8221;-20&#8243; css=&#8221;.vc_custom_1724250287440{padding-top: 40px !important;padding-bottom: 70px !important;background-color: #ffffff !important;}&#8221; bg_color_value=&#8221;#ffffff&#8221;][vc_column css=&#8221;.vc_custom_1479032696835{padding-bottom: 40px !important;}&#8221; offset=&#8221;vc_col-lg-offset-1 vc_col-lg-10 vc_col-md-offset-0 vc_col-md-12 vc_col-sm-offset-0&#8243;][vc_row_inner equal_height=&#8221;yes&#8221;][vc_column_inner width=&#8221;1\/3&#8243; css=&#8221;.vc_custom_1479032888299{padding-bottom: 35px !important;}&#8221;]<div id=\"ultimate-heading-494169f298310a2ca\" class=\"uvc-heading ult-adjust-bottom-margin ultimate-heading-494169f298310a2ca uvc-9245 \" data-hspacer=\"icon_only\"  data-halign=\"center\" style=\"text-align:center\"><div class=\"uvc-heading-spacer icon_only\" style=\"margin-bottom:20px;\"><div class=\"ult-just-icon-wrapper  \"><div class=\"align-icon\" style=\"text-align:center;\">\n<div class=\"aio-icon none \"  style=\"color:#f18d00;font-size:48px;display:inline-block;\">\n\t<i class=\"icomoon-free-social-contact-16x16-location2\"><\/i>\n<\/div><\/div><\/div><\/div><div class=\"uvc-main-heading ult-responsive\"  data-ultimate-target='.uvc-heading.ultimate-heading-494169f298310a2ca h2'  data-responsive-json-new='{\"font-size\":\"desktop:20px;\",\"line-height\":\"desktop:24px;\"}' ><h2 style=\"font-weight:bold;color:#000000;margin-bottom:4px;\">ONDE ESTAMOS<\/h2><\/div><div class=\"uvc-sub-heading ult-responsive\"  data-ultimate-target='.uvc-heading.ultimate-heading-494169f298310a2ca .uvc-sub-heading '  data-responsive-json-new='{\"font-size\":\"\",\"line-height\":\"\"}'  style=\"font-weight:bold;color:#0077b0;margin-bottom:0px;\">Rua Vander Rodrigues de Lima, 200 Cai\u00e7ara | Belo Horizonte | MG<\/p>\n<p><a style=\"color: #f18d00 !important;\" href=\"https:\/\/www.google.com.br\/maps\/dir\/\/Escola+Construir+-+Rua+Vander+Rodrigues+de+Lima,+200+-+Alto+Cai%C3%A7aras,+Belo+Horizonte+-+MG,+30750-160\/@-19.9097829,-44.0006748,17821m\/data=!3m1!1e3!4m9!4m8!1m0!1m5!1m1!1s0xa6972bca2e86b5:0x154c19d18b8f538b!2m2!1d-43.9793141!2d-19.9019542!3e0?entry=ttu\" target=\"_blank\" rel=\"noopener\">Clique para Google Maps<\/a><\/div><\/div>[\/vc_column_inner][vc_column_inner width=&#8221;1\/3&#8243; css=&#8221;.vc_custom_1479032916919{padding-bottom: 35px !important;}&#8221;]<div id=\"ultimate-heading-430869f298310a3ee\" class=\"uvc-heading ult-adjust-bottom-margin ultimate-heading-430869f298310a3ee uvc-5293 \" data-hspacer=\"icon_only\"  data-halign=\"center\" style=\"text-align:center\"><div class=\"uvc-heading-spacer icon_only\" style=\"margin-bottom:20px;\"><div class=\"ult-just-icon-wrapper  \"><div class=\"align-icon\" style=\"text-align:center;\">\n<div class=\"aio-icon none \"  style=\"color:#000000;font-size:48px;display:inline-block;\">\n\t<i class=\"icomoon-free-social-contact-16x16-phone\"><\/i>\n<\/div><\/div><\/div><\/div><div class=\"uvc-main-heading ult-responsive\"  data-ultimate-target='.uvc-heading.ultimate-heading-430869f298310a3ee h2'  data-responsive-json-new='{\"font-size\":\"desktop:20px;\",\"line-height\":\"desktop:24px;\"}' ><h2 style=\"font-weight:bold;color:#000000;margin-bottom:4px;\">TELEFONE<\/h2><\/div><div class=\"uvc-sub-heading ult-responsive\"  data-ultimate-target='.uvc-heading.ultimate-heading-430869f298310a3ee .uvc-sub-heading '  data-responsive-json-new='{\"font-size\":\"\",\"line-height\":\"\"}'  style=\"font-weight:bold;color:#0077b0;margin-bottom:0px;\"><a href=\"tel:+553134649075\">31 3464-9075<\/a><\/div><\/div>[\/vc_column_inner][vc_column_inner width=&#8221;1\/3&#8243; css=&#8221;.vc_custom_1479032922138{padding-bottom: 35px !important;}&#8221;]<div id=\"ultimate-heading-589969f298310a4ca\" class=\"uvc-heading ult-adjust-bottom-margin ultimate-heading-589969f298310a4ca uvc-6618 \" data-hspacer=\"icon_only\"  data-halign=\"center\" style=\"text-align:center\"><div class=\"uvc-heading-spacer icon_only\" style=\"margin-bottom:20px;\"><div class=\"ult-just-icon-wrapper  \"><div class=\"align-icon\" style=\"text-align:center;\">\n<div class=\"aio-icon none \"  style=\"color:#0077b0;font-size:48px;display:inline-block;\">\n\t<i class=\"icomoon-free-social-contact-16x16-envelop\"><\/i>\n<\/div><\/div><\/div><\/div><div class=\"uvc-main-heading ult-responsive\"  data-ultimate-target='.uvc-heading.ultimate-heading-589969f298310a4ca h2'  data-responsive-json-new='{\"font-size\":\"desktop:20px;\",\"line-height\":\"desktop:24px;\"}' ><h2 style=\"font-weight:bold;color:#000000;margin-bottom:4px;\">E-mail<\/h2><\/div><div class=\"uvc-sub-heading ult-responsive\"  data-ultimate-target='.uvc-heading.ultimate-heading-589969f298310a4ca .uvc-sub-heading '  data-responsive-json-new='{\"font-size\":\"\",\"line-height\":\"\"}'  style=\"font-weight:bold;color:#0077b0;margin-bottom:0px;\"><a href=\"mailto:secretaria@escolaconstruir.com.br\">secretaria@escolaconstruir.com.br<\/a><\/div><\/div>[\/vc_column_inner][\/vc_row_inner][\/vc_column][vc_column offset=&#8221;vc_col-lg-offset-2 vc_col-lg-8 vc_col-md-offset-1 vc_col-md-11 vc_col-sm-offset-0&#8243;]<div id=\"ultimate-heading-753569f298310a518\" class=\"uvc-heading ult-adjust-bottom-margin ultimate-heading-753569f298310a518 uvc-8499 \" data-hspacer=\"no_spacer\"  data-halign=\"center\" style=\"text-align:center\"><div class=\"uvc-heading-spacer no_spacer\" style=\"top\"><\/div><div class=\"uvc-main-heading ult-responsive\"  data-ultimate-target='.uvc-heading.ultimate-heading-753569f298310a518 h2'  data-responsive-json-new='{\"font-size\":\"desktop:34px;\",\"line-height\":\"desktop:44px;\"}' ><h2 style=\"font-weight:bold;color:#0077b0;margin-bottom:25px;\">Fale Conosco<\/h2><\/div><\/div>[vc_column_text css=&#8221;.vc_custom_1724250476015{padding-bottom: 40px !important;}&#8221;]<\/p>\n<p style=\"text-align: center;\">D\u00favidas, sugest\u00f5es, elogios, cr\u00edticas ou reclama\u00e7\u00f5es.<\/p>\n<p>[\/vc_column_text]<form class=\"dt-contact-form dt-form\" method=\"post\"><input type=\"hidden\" name=\"widget_id\" value=\"presscore-contact-form-widget--1\" \/><input type=\"hidden\" name=\"send_message\" value=\"\" \/><input type=\"hidden\" name=\"security_token\" value=\"d22d0c4cef1e1a993a72\"\/><div class=\"form-fields\"><span class=\"form-name\"><label class=\"assistive-text\">Nome *<\/label><input type=\"text\" class=\"validate[required]\" placeholder=\"Nome *\" name=\"name\" value=\"\" aria-required=\"true\">\n<\/span><span class=\"form-mail\"><label class=\"assistive-text\">E-mail *<\/label><input type=\"text\" class=\"validate[required,custom[email]]\" placeholder=\"E-mail *\" name=\"email\" value=\"\" aria-required=\"true\">\n<\/span><span class=\"form-telephone\"><label class=\"assistive-text\">Telefone<\/label><input type=\"text\" placeholder=\"Telefone\" name=\"telephone\" value=\"\" aria-required=\"false\">\n<\/span><\/div><span class=\"form-message\"><label class=\"assistive-text\">Mensagem *<\/label><textarea class=\"validate[required]\" placeholder=\"Mensagem *\" name=\"message\" rows=\"7\" aria-required=\"true\"><\/textarea>\n<\/span><p><a href=\"#\" class=\"dt-btn dt-btn-m dt-btn-submit\" rel=\"nofollow\"><span>Enviar mensagem<\/span><\/a><input class=\"assistive-text\" type=\"submit\" value=\"enviar\"><\/p><\/form>\n[\/vc_column][\/vc_row][vc_row bg_type=&#8221;bg_color&#8221; bg_override=&#8221;ex-full&#8221; type=&#8221;vc_default&#8221; css=&#8221;.vc_custom_1724248766138{padding-top: 0px !important;padding-bottom: 10px !important;}&#8221; bg_color_value=&#8221;#f4f4f4&#8243;][vc_column offset=&#8221;vc_col-lg-offset-1 vc_col-lg-10 vc_col-md-offset-0 vc_col-md-12 vc_col-sm-offset-0 vc_col-xs-12&#8243;][vc_row_inner css=&#8221;.vc_custom_1479056947997{padding-top: 50px !important;}&#8221;][vc_column_inner width=&#8221;1\/3&#8243; css=&#8221;.vc_custom_1491380326495{padding-bottom: 50px !important;}&#8221; offset=&#8221;vc_col-lg-4 vc_col-md-4&#8243;]<div class=\"ult-just-icon-wrapper   vc_custom_1746401778173\"><div class=\"align-icon\" style=\"text-align:center;\">\n<a class=\"aio-tooltip 69f298310a99f\" href=\"https:\/\/www.instagram.com\/escolaconstruirbh\/\" target=\"_blank\" rel=\"noopener\"  data-toggle=\"tooltip\" data-placement=\"\"><div class=\"aio-icon advanced \"  style=\"color:#e1306c;background:#ffffff;border-style:solid;border-color:#e1306c;border-width:0px;width:70px;height:70px;line-height:70px;border-radius:500px;font-size:50px;display:inline-block;\">\n\t<i class=\"fab fa-instagram\"><\/i>\n<\/div><\/a><\/div><\/div><div id=\"ultimate-heading-828569f298310aa05\" class=\"uvc-heading ult-adjust-bottom-margin ultimate-heading-828569f298310aa05 uvc-880 \" data-hspacer=\"no_spacer\"  data-halign=\"center\" style=\"text-align:center\"><div class=\"uvc-heading-spacer no_spacer\" style=\"top\"><\/div><div class=\"uvc-main-heading ult-responsive\"  data-ultimate-target='.uvc-heading.ultimate-heading-828569f298310aa05 h2'  data-responsive-json-new='{\"font-size\":\"desktop:28px;\",\"line-height\":\"desktop:24px;\"}' ><h2 style=\"font-weight:bold;color:#0077b0;margin-bottom:4px;\">INSTAGRAM<\/h2><\/div><div class=\"uvc-sub-heading ult-responsive\"  data-ultimate-target='.uvc-heading.ultimate-heading-828569f298310aa05 .uvc-sub-heading '  data-responsive-json-new='{\"font-size\":\"\",\"line-height\":\"\"}'  style=\"font-weight:bold;color:#0077b0;margin-bottom:0px;\">@escolaconstruirbh<\/div><\/div>[\/vc_column_inner][vc_column_inner width=&#8221;1\/3&#8243; css=&#8221;.vc_custom_1491380320678{padding-bottom: 50px !important;}&#8221; offset=&#8221;vc_col-lg-4 vc_col-md-4&#8243;]<div class=\"ult-just-icon-wrapper   vc_custom_1746401808866\"><div class=\"align-icon\" style=\"text-align:center;\">\n<a class=\"aio-tooltip 69f298310aa64\" href=\"https:\/\/www.facebook.com\/escolaconstruir.oficial\/\" target=\"_blank\" rel=\"noopener\"  data-toggle=\"tooltip\" data-placement=\"\"><div class=\"aio-icon advanced \"  style=\"color:#4267b2;border-style:solid;border-color:#0077b0;border-width:0px;width:70px;height:70px;line-height:70px;border-radius:500px;font-size:50px;display:inline-block;\">\n\t<i class=\"icomoon-free-social-contact-16x16-facebook\"><\/i>\n<\/div><\/a><\/div><\/div><div id=\"ultimate-heading-229969f298310aabd\" class=\"uvc-heading ult-adjust-bottom-margin ultimate-heading-229969f298310aabd uvc-9425 \" data-hspacer=\"no_spacer\"  data-halign=\"center\" style=\"text-align:center\"><div class=\"uvc-heading-spacer no_spacer\" style=\"top\"><\/div><div class=\"uvc-main-heading ult-responsive\"  data-ultimate-target='.uvc-heading.ultimate-heading-229969f298310aabd h2'  data-responsive-json-new='{\"font-size\":\"desktop:28px;\",\"line-height\":\"desktop:24px;\"}' ><h2 style=\"font-weight:bold;color:#0077b0;margin-bottom:4px;\">FACEBOOK<\/h2><\/div><div class=\"uvc-sub-heading ult-responsive\"  data-ultimate-target='.uvc-heading.ultimate-heading-229969f298310aabd .uvc-sub-heading '  data-responsive-json-new='{\"font-size\":\"\",\"line-height\":\"\"}'  style=\"font-weight:bold;color:#0077b0;margin-bottom:0px;\">@escolaconstruir.oficial<\/div><\/div>[\/vc_column_inner][vc_column_inner width=&#8221;1\/3&#8243; css=&#8221;.vc_custom_1491380312947{padding-bottom: 50px !important;}&#8221; offset=&#8221;vc_col-lg-4 vc_col-md-4&#8243;]<div class=\"ult-just-icon-wrapper   vc_custom_1746401699571\"><div class=\"align-icon\" style=\"text-align:center;\">\n<a class=\"aio-tooltip 69f298310ab0d\" href=\"https:\/\/api.whatsapp.com\/send?phone=553193957518&text=Ol%C3%A1%20gostaria%20de%20saber%20mais%20informa%C3%A7%C3%B5es%20sobre%20a%20Escola%20Construir\" target=\"_blank\" rel=\"noopener\"  data-toggle=\"tooltip\" data-placement=\"\"><div class=\"aio-icon advanced \"  style=\"color:#25d366;background:#ffffff;border-style:solid;border-color:#0077b0;border-width:0px;width:70px;height:70px;line-height:70px;border-radius:500px;font-size:50px;display:inline-block;\">\n\t<i class=\"icomoon-the7-font-whatsapp\"><\/i>\n<\/div><\/a><\/div><\/div><div id=\"ultimate-heading-963869f298310ab53\" class=\"uvc-heading ult-adjust-bottom-margin ultimate-heading-963869f298310ab53 uvc-5913 \" data-hspacer=\"no_spacer\"  data-halign=\"center\" style=\"text-align:center\"><div class=\"uvc-heading-spacer no_spacer\" style=\"top\"><\/div><div class=\"uvc-main-heading ult-responsive\"  data-ultimate-target='.uvc-heading.ultimate-heading-963869f298310ab53 h2'  data-responsive-json-new='{\"font-size\":\"desktop:28px;\",\"line-height\":\"desktop:24px;\"}' ><h2 style=\"font-weight:bold;color:#0077b0;margin-bottom:4px;\">WHATSAPP<\/h2><\/div><div class=\"uvc-sub-heading ult-responsive\"  data-ultimate-target='.uvc-heading.ultimate-heading-963869f298310ab53 .uvc-sub-heading '  data-responsive-json-new='{\"font-size\":\"\",\"line-height\":\"\"}'  style=\"font-weight:bold;color:#0077b0;margin-bottom:0px;\">+55 31 99395-7518<\/div><\/div>[\/vc_column_inner][\/vc_row_inner][\/vc_column][\/vc_row]<\/p>\n<\/div>","protected":false},"excerpt":{"rendered":"<p>[vc_row full_width=&#8221;stretch_row&#8221; equal_height=&#8221;yes&#8221; bg_type=&#8221;bg_color&#8221; type=&#8221;vc_default&#8221; margin_top=&#8221;75&#8243; margin_bottom=&#8221;-20&#8243; css=&#8221;.vc_custom_1724250287440{padding-top: 40px !important;padding-bottom: 70px !important;background-color: #ffffff !important;}&#8221; bg_color_value=&#8221;#ffffff&#8221;][vc_column css=&#8221;.vc_custom_1479032696835{padding-bottom: 40px !important;}&#8221; offset=&#8221;vc_col-lg-offset-1 vc_col-lg-10 vc_col-md-offset-0 vc_col-md-12 vc_col-sm-offset-0&#8243;][vc_row_inner equal_height=&#8221;yes&#8221;][vc_column_inner width=&#8221;1\/3&#8243; css=&#8221;.vc_custom_1479032888299{padding-bottom: 35px !important;}&#8221;][\/vc_column_inner][vc_column_inner width=&#8221;1\/3&#8243; css=&#8221;.vc_custom_1479032916919{padding-bottom: 35px !important;}&#8221;][\/vc_column_inner][vc_column_inner width=&#8221;1\/3&#8243; css=&#8221;.vc_custom_1479032922138{padding-bottom: 35px !important;}&#8221;][\/vc_column_inner][\/vc_row_inner][\/vc_column][vc_column offset=&#8221;vc_col-lg-offset-2 vc_col-lg-8 vc_col-md-offset-1 vc_col-md-11 vc_col-sm-offset-0&#8243;][vc_column_text css=&#8221;.vc_custom_1724250476015{padding-bottom: 40px !important;}&#8221;] D\u00favidas, sugest\u00f5es, elogios, cr\u00edticas ou reclama\u00e7\u00f5es. [\/vc_column_text][\/vc_column][\/vc_row][vc_row bg_type=&#8221;bg_color&#8221; bg_override=&#8221;ex-full&#8221; type=&#8221;vc_default&#8221; css=&#8221;.vc_custom_1724248766138{padding-top:&hellip;<\/p>\n","protected":false},"author":1,"featured_media":0,"parent":0,"menu_order":50,"comment_status":"closed","ping_status":"closed","template":"","meta":{"footnotes":""},"class_list":["post-53","page","type-page","status-publish","hentry","description-off"],"_links":{"self":[{"href":"https:\/\/www.monstrum.dev.br\/clientes_\/construir\/wp-json\/wp\/v2\/pages\/53","targetHints":{"allow":["GET"]}}],"collection":[{"href":"https:\/\/www.monstrum.dev.br\/clientes_\/construir\/wp-json\/wp\/v2\/pages"}],"about":[{"href":"https:\/\/www.monstrum.dev.br\/clientes_\/construir\/wp-json\/wp\/v2\/types\/page"}],"author":[{"embeddable":true,"href":"https:\/\/www.monstrum.dev.br\/clientes_\/construir\/wp-json\/wp\/v2\/users\/1"}],"replies":[{"embeddable":true,"href":"https:\/\/www.monstrum.dev.br\/clientes_\/construir\/wp-json\/wp\/v2\/comments?post=53"}],"version-history":[{"count":30,"href":"https:\/\/www.monstrum.dev.br\/clientes_\/construir\/wp-json\/wp\/v2\/pages\/53\/revisions"}],"predecessor-version":[{"id":2459,"href":"https:\/\/www.monstrum.dev.br\/clientes_\/construir\/wp-json\/wp\/v2\/pages\/53\/revisions\/2459"}],"wp:attachment":[{"href":"https:\/\/www.monstrum.dev.br\/clientes_\/construir\/wp-json\/wp\/v2\/media?parent=53"}],"curies":[{"name":"wp","href":"https:\/\/api.w.org\/{rel}","templated":true}]}}